{"id":20033,"date":"2023-07-22T12:32:18","date_gmt":"2023-07-22T10:32:18","guid":{"rendered":"https:\/\/stenmessen.dk\/?post_type=product&#038;p=20033"},"modified":"2023-07-22T12:34:11","modified_gmt":"2023-07-22T10:34:11","slug":"standleje-stenmessen-fyn-14-meter","status":"publish","type":"product","link":"https:\/\/stenmessen.dk\/fr\/produit\/standleje-stenmessen-fyn-14-meter\/","title":{"rendered":"Location de stand Stenmessen Fyn - 14 m\u00e8tres"},"content":{"rendered":"","protected":false},"excerpt":{"rendered":"<p>Payez 14 m\u00e8tres de location de table en ligne - Le paiement en esp\u00e8ces au salon n'est pas accept\u00e9.<\/p>","protected":false},"author":1,"featured_media":9868,"template":"","meta":{"site-sidebar-layout":"default","site-content-layout":"default","ast-site-content-layout":"default","site-content-style":"default","site-sidebar-style":"default","ast-global-header-display":"","ast-banner-title-visibility":"","ast-main-header-display":"","ast-hfb-above-header-display":"","ast-hfb-below-header-display":"","ast-hfb-mobile-header-display":"","site-post-title":"","ast-breadcrumbs-content":"","ast-featured-img":"","footer-sml-layout":"","ast-disable-related-posts":"","theme-transparent-header-meta":"default","adv-header-id-meta":"","stick-header-meta":"default","header-above-stick-meta":"","header-main-stick-meta":"","header-below-stick-meta":"","astra-migrate-meta-layouts":"default","ast-page-background-enabled":"default","ast-page-background-meta":{"desktop":{"background-color":"","background-image":"","background-repeat":"repeat","background-position":"center center","background-size":"auto","background-attachment":"scroll","background-type":"","background-media":"","overlay-type":"","overlay-color":"","overlay-opacity":"","overlay-gradient":""},"tablet":{"background-color":"","background-image":"","background-repeat":"repeat","background-position":"center center","background-size":"auto","background-attachment":"scroll","background-type":"","background-media":"","overlay-type":"","overlay-color":"","overlay-opacity":"","overlay-gradient":""},"mobile":{"background-color":"","background-image":"","background-repeat":"repeat","background-position":"center center","background-size":"auto","background-attachment":"scroll","background-type":"","background-media":"","overlay-type":"","overlay-color":"","overlay-opacity":"","overlay-gradient":""}},"ast-content-background-meta":{"desktop":{"background-color":"var(--ast-global-color-5)","background-image":"","background-repeat":"repeat","background-position":"center center","background-size":"auto","background-attachment":"scroll","background-type":"","background-media":"","overlay-type":"","overlay-color":"","overlay-opacity":"","overlay-gradient":""},"tablet":{"background-color":"var(--ast-global-color-5)","background-image":"","background-repeat":"repeat","background-position":"center center","background-size":"auto","background-attachment":"scroll","background-type":"","background-media":"","overlay-type":"","overlay-color":"","overlay-opacity":"","overlay-gradient":""},"mobile":{"background-color":"var(--ast-global-color-5)","background-image":"","background-repeat":"repeat","background-position":"center center","background-size":"auto","background-attachment":"scroll","background-type":"","background-media":"","overlay-type":"","overlay-color":"","overlay-opacity":"","overlay-gradient":""}}},"product_brand":[],"product_cat":[142],"product_tag":[],"class_list":{"0":"post-20033","1":"product","2":"type-product","3":"status-publish","4":"has-post-thumbnail","6":"product_cat-standleje-fyn","7":"desktop-align-center","8":"tablet-align-center","9":"mobile-align-center","10":"ast-product-gallery-layout-horizontal","11":"ast-product-gallery-with-no-image","12":"ast-magnify-disabled","13":"ast-product-tabs-layout-horizontal","14":"ast-qv-on-image","16":"first","17":"instock","18":"virtual","19":"taxable","20":"purchasable","21":"product-type-simple"},"yoast_head":"<!-- This site is optimized with the Yoast SEO Premium plugin v18.2.1 (Yoast SEO v27.5) - https:\/\/yoast.com\/product\/yoast-seo-premium-wordpress\/ -->\n<title>Standleje Stenmessen Fyn - 14 Meter - stenmessen.dk<\/title>\n<meta name=\"robots\" content=\"index, follow, max-snippet:-1, max-image-preview:large, max-video-preview:-1\" \/>\n<link rel=\"canonical\" href=\"https:\/\/stenmessen.dk\/fr\/produit\/standleje-stenmessen-fyn-14-meter\/\" \/>\n<meta property=\"og:locale\" content=\"fr_FR\" \/>\n<meta property=\"og:type\" content=\"article\" \/>\n<meta property=\"og:title\" content=\"Standleje Stenmessen Fyn - 14 Meter\" \/>\n<meta property=\"og:description\" content=\"Betal 14 meter bordleje online \u2013 Kontant betaling p\u00e5 messen accepteres ikke.\" \/>\n<meta property=\"og:url\" content=\"https:\/\/stenmessen.dk\/fr\/produit\/standleje-stenmessen-fyn-14-meter\/\" \/>\n<meta property=\"og:site_name\" content=\"stenmessen.dk\" \/>\n<meta property=\"article:publisher\" content=\"http:\/\/www.facebook.com\/stenmessen\" \/>\n<meta property=\"article:modified_time\" content=\"2023-07-22T10:34:11+00:00\" \/>\n<meta property=\"og:image\" content=\"https:\/\/stenmessen.dk\/wp-content\/uploads\/2021\/10\/bord.jpg\" \/>\n\t<meta property=\"og:image:width\" content=\"600\" \/>\n\t<meta property=\"og:image:height\" content=\"600\" \/>\n\t<meta property=\"og:image:type\" content=\"image\/jpeg\" \/>\n<meta name=\"twitter:card\" content=\"summary_large_image\" \/>\n<meta name=\"twitter:label1\" content=\"Prix\" \/>\n\t<meta name=\"twitter:data1\" content=\"7.350,00&nbsp;kr. inkl. 25% moms\" \/>\n\t<meta name=\"twitter:label2\" content=\"Availability\" \/>\n\t<meta name=\"twitter:data2\" content=\"In stock\" \/>\n<script type=\"application\/ld+json\" class=\"yoast-schema-graph\">{\"@context\":\"https:\\\/\\\/schema.org\",\"@graph\":[{\"@type\":\"WebPage\",\"@id\":\"https:\\\/\\\/stenmessen.dk\\\/vare\\\/standleje-stenmessen-fyn-14-meter\\\/\",\"url\":\"https:\\\/\\\/stenmessen.dk\\\/vare\\\/standleje-stenmessen-fyn-14-meter\\\/\",\"name\":\"Standleje Stenmessen Fyn - 14 Meter - stenmessen.dk\",\"isPartOf\":{\"@id\":\"https:\\\/\\\/stenmessen.dk\\\/sv\\\/#website\"},\"primaryImageOfPage\":{\"@id\":\"https:\\\/\\\/stenmessen.dk\\\/vare\\\/standleje-stenmessen-fyn-14-meter\\\/#primaryimage\"},\"image\":{\"@id\":\"https:\\\/\\\/stenmessen.dk\\\/vare\\\/standleje-stenmessen-fyn-14-meter\\\/#primaryimage\"},\"thumbnailUrl\":\"https:\\\/\\\/stenmessen.dk\\\/wp-content\\\/uploads\\\/2021\\\/10\\\/bord.jpg\",\"datePublished\":\"2023-07-22T10:32:18+00:00\",\"dateModified\":\"2023-07-22T10:34:11+00:00\",\"breadcrumb\":{\"@id\":\"https:\\\/\\\/stenmessen.dk\\\/vare\\\/standleje-stenmessen-fyn-14-meter\\\/#breadcrumb\"},\"inLanguage\":\"fr-FR\",\"potentialAction\":[{\"@type\":\"ReadAction\",\"target\":[\"https:\\\/\\\/stenmessen.dk\\\/vare\\\/standleje-stenmessen-fyn-14-meter\\\/\"]}]},{\"@type\":\"ImageObject\",\"inLanguage\":\"fr-FR\",\"@id\":\"https:\\\/\\\/stenmessen.dk\\\/vare\\\/standleje-stenmessen-fyn-14-meter\\\/#primaryimage\",\"url\":\"https:\\\/\\\/stenmessen.dk\\\/wp-content\\\/uploads\\\/2021\\\/10\\\/bord.jpg\",\"contentUrl\":\"https:\\\/\\\/stenmessen.dk\\\/wp-content\\\/uploads\\\/2021\\\/10\\\/bord.jpg\",\"width\":600,\"height\":600},{\"@type\":\"BreadcrumbList\",\"@id\":\"https:\\\/\\\/stenmessen.dk\\\/vare\\\/standleje-stenmessen-fyn-14-meter\\\/#breadcrumb\",\"itemListElement\":[{\"@type\":\"ListItem\",\"position\":1,\"name\":\"Hjem\",\"item\":\"https:\\\/\\\/stenmessen.dk\\\/\"},{\"@type\":\"ListItem\",\"position\":2,\"name\":\"Shop\",\"item\":\"https:\\\/\\\/stenmessen.dk\\\/shop-2\\\/\"},{\"@type\":\"ListItem\",\"position\":3,\"name\":\"Standleje Stenmessen Fyn &#8211; 14 Meter\"}]},{\"@type\":\"WebSite\",\"@id\":\"https:\\\/\\\/stenmessen.dk\\\/sv\\\/#website\",\"url\":\"https:\\\/\\\/stenmessen.dk\\\/sv\\\/\",\"name\":\"stenmessen.dk\",\"description\":\"\",\"publisher\":{\"@id\":\"https:\\\/\\\/stenmessen.dk\\\/sv\\\/#organization\"},\"potentialAction\":[{\"@type\":\"SearchAction\",\"target\":{\"@type\":\"EntryPoint\",\"urlTemplate\":\"https:\\\/\\\/stenmessen.dk\\\/sv\\\/?s={search_term_string}\"},\"query-input\":{\"@type\":\"PropertyValueSpecification\",\"valueRequired\":true,\"valueName\":\"search_term_string\"}}],\"inLanguage\":\"fr-FR\"},{\"@type\":\"Organization\",\"@id\":\"https:\\\/\\\/stenmessen.dk\\\/sv\\\/#organization\",\"name\":\"Stenmessen.dk\",\"url\":\"https:\\\/\\\/stenmessen.dk\\\/sv\\\/\",\"logo\":{\"@type\":\"ImageObject\",\"inLanguage\":\"fr-FR\",\"@id\":\"https:\\\/\\\/stenmessen.dk\\\/sv\\\/#\\\/schema\\\/logo\\\/image\\\/\",\"url\":\"https:\\\/\\\/stenmessen.dk\\\/wp-content\\\/uploads\\\/2021\\\/08\\\/stenmessen.dk-logo.png\",\"contentUrl\":\"https:\\\/\\\/stenmessen.dk\\\/wp-content\\\/uploads\\\/2021\\\/08\\\/stenmessen.dk-logo.png\",\"width\":199,\"height\":51,\"caption\":\"Stenmessen.dk\"},\"image\":{\"@id\":\"https:\\\/\\\/stenmessen.dk\\\/sv\\\/#\\\/schema\\\/logo\\\/image\\\/\"},\"sameAs\":[\"http:\\\/\\\/www.facebook.com\\\/stenmessen\",\"https:\\\/\\\/instagram.com\\\/stenmessen.dk\",\"https:\\\/\\\/tiktok.com\\\/stenmessen.dk\"]}]}<\/script>\n<meta property=\"product:price:amount\" content=\"7350.00\" \/>\n<meta property=\"product:price:currency\" content=\"DKK\" \/>\n<meta property=\"og:availability\" content=\"instock\" \/>\n<meta property=\"product:availability\" content=\"instock\" \/>\n<meta property=\"product:retailer_item_id\" content=\"14m-leje-fyn\" \/>\n<meta property=\"product:condition\" content=\"new\" \/>\n<!-- \/ Yoast SEO Premium plugin. -->","yoast_head_json":{"title":"Location de stand Stenmessen Fyn - 14 m\u00e8tres - stenmessen.dk","robots":{"index":"index","follow":"follow","max-snippet":"max-snippet:-1","max-image-preview":"max-image-preview:large","max-video-preview":"max-video-preview:-1"},"canonical":"https:\/\/stenmessen.dk\/fr\/produit\/standleje-stenmessen-fyn-14-meter\/","og_locale":"fr_FR","og_type":"article","og_title":"Standleje Stenmessen Fyn - 14 Meter","og_description":"Betal 14 meter bordleje online \u2013 Kontant betaling p\u00e5 messen accepteres ikke.","og_url":"https:\/\/stenmessen.dk\/fr\/produit\/standleje-stenmessen-fyn-14-meter\/","og_site_name":"stenmessen.dk","article_publisher":"http:\/\/www.facebook.com\/stenmessen","article_modified_time":"2023-07-22T10:34:11+00:00","og_image":[{"width":600,"height":600,"url":"https:\/\/stenmessen.dk\/wp-content\/uploads\/2021\/10\/bord.jpg","type":"image\/jpeg"}],"twitter_card":"summary_large_image","twitter_misc":{"Prix":"7.350,00&nbsp;kr. inkl. 25% moms","Availability":"In stock"},"schema":{"@context":"https:\/\/schema.org","@graph":[{"@type":"WebPage","@id":"https:\/\/stenmessen.dk\/vare\/standleje-stenmessen-fyn-14-meter\/","url":"https:\/\/stenmessen.dk\/vare\/standleje-stenmessen-fyn-14-meter\/","name":"Location de stand Stenmessen Fyn - 14 m\u00e8tres - stenmessen.dk","isPartOf":{"@id":"https:\/\/stenmessen.dk\/sv\/#website"},"primaryImageOfPage":{"@id":"https:\/\/stenmessen.dk\/vare\/standleje-stenmessen-fyn-14-meter\/#primaryimage"},"image":{"@id":"https:\/\/stenmessen.dk\/vare\/standleje-stenmessen-fyn-14-meter\/#primaryimage"},"thumbnailUrl":"https:\/\/stenmessen.dk\/wp-content\/uploads\/2021\/10\/bord.jpg","datePublished":"2023-07-22T10:32:18+00:00","dateModified":"2023-07-22T10:34:11+00:00","breadcrumb":{"@id":"https:\/\/stenmessen.dk\/vare\/standleje-stenmessen-fyn-14-meter\/#breadcrumb"},"inLanguage":"fr-FR","potentialAction":[{"@type":"ReadAction","target":["https:\/\/stenmessen.dk\/vare\/standleje-stenmessen-fyn-14-meter\/"]}]},{"@type":"ImageObject","inLanguage":"fr-FR","@id":"https:\/\/stenmessen.dk\/vare\/standleje-stenmessen-fyn-14-meter\/#primaryimage","url":"https:\/\/stenmessen.dk\/wp-content\/uploads\/2021\/10\/bord.jpg","contentUrl":"https:\/\/stenmessen.dk\/wp-content\/uploads\/2021\/10\/bord.jpg","width":600,"height":600},{"@type":"BreadcrumbList","@id":"https:\/\/stenmessen.dk\/vare\/standleje-stenmessen-fyn-14-meter\/#breadcrumb","itemListElement":[{"@type":"ListItem","position":1,"name":"Hjem","item":"https:\/\/stenmessen.dk\/"},{"@type":"ListItem","position":2,"name":"Shop","item":"https:\/\/stenmessen.dk\/shop-2\/"},{"@type":"ListItem","position":3,"name":"Standleje Stenmessen Fyn &#8211; 14 Meter"}]},{"@type":"WebSite","@id":"https:\/\/stenmessen.dk\/sv\/#website","url":"https:\/\/stenmessen.dk\/sv\/","name":"foires de la pierre.co.uk","description":"","publisher":{"@id":"https:\/\/stenmessen.dk\/sv\/#organization"},"potentialAction":[{"@type":"SearchAction","target":{"@type":"EntryPoint","urlTemplate":"https:\/\/stenmessen.dk\/sv\/?s={search_term_string}"},"query-input":{"@type":"PropertyValueSpecification","valueRequired":true,"valueName":"search_term_string"}}],"inLanguage":"fr-FR"},{"@type":"Organization","@id":"https:\/\/stenmessen.dk\/sv\/#organization","name":"Stenmessen.dk","url":"https:\/\/stenmessen.dk\/sv\/","logo":{"@type":"ImageObject","inLanguage":"fr-FR","@id":"https:\/\/stenmessen.dk\/sv\/#\/schema\/logo\/image\/","url":"https:\/\/stenmessen.dk\/wp-content\/uploads\/2021\/08\/stenmessen.dk-logo.png","contentUrl":"https:\/\/stenmessen.dk\/wp-content\/uploads\/2021\/08\/stenmessen.dk-logo.png","width":199,"height":51,"caption":"Stenmessen.dk"},"image":{"@id":"https:\/\/stenmessen.dk\/sv\/#\/schema\/logo\/image\/"},"sameAs":["http:\/\/www.facebook.com\/stenmessen","https:\/\/instagram.com\/stenmessen.dk","https:\/\/tiktok.com\/stenmessen.dk"]}]},"product_price_amount":"7350.00","product_price_currency":"DKK","og_availability":"instock","product_availability":"instock","product_retailer_item_id":"14m-leje-fyn","product_condition":"new"},"jetpack_sharing_enabled":true,"_links":{"self":[{"href":"https:\/\/stenmessen.dk\/fr\/wp-json\/wp\/v2\/product\/20033","targetHints":{"allow":["GET"]}}],"collection":[{"href":"https:\/\/stenmessen.dk\/fr\/wp-json\/wp\/v2\/product"}],"about":[{"href":"https:\/\/stenmessen.dk\/fr\/wp-json\/wp\/v2\/types\/product"}],"author":[{"embeddable":true,"href":"https:\/\/stenmessen.dk\/fr\/wp-json\/wp\/v2\/users\/1"}],"wp:featuredmedia":[{"embeddable":true,"href":"https:\/\/stenmessen.dk\/fr\/wp-json\/wp\/v2\/media\/9868"}],"wp:attachment":[{"href":"https:\/\/stenmessen.dk\/fr\/wp-json\/wp\/v2\/media?parent=20033"}],"wp:term":[{"taxonomy":"product_brand","embeddable":true,"href":"https:\/\/stenmessen.dk\/fr\/wp-json\/wp\/v2\/product_brand?post=20033"},{"taxonomy":"product_cat","embeddable":true,"href":"https:\/\/stenmessen.dk\/fr\/wp-json\/wp\/v2\/product_cat?post=20033"},{"taxonomy":"product_tag","embeddable":true,"href":"https:\/\/stenmessen.dk\/fr\/wp-json\/wp\/v2\/product_tag?post=20033"}],"curies":[{"name":"wp","href":"https:\/\/api.w.org\/{rel}","templated":true}]}}