{"id":3610,"date":"2020-09-09T04:31:26","date_gmt":"2020-09-09T04:31:26","guid":{"rendered":"https:\/\/stenmessen.dk\/index.php\/home\/"},"modified":"2026-03-19T12:03:28","modified_gmt":"2026-03-19T11:03:28","slug":"forside","status":"publish","type":"page","link":"https:\/\/stenmessen.dk\/de","title":{"rendered":"Startseite"},"content":{"rendered":"<div data-elementor-type=\"wp-page\" data-elementor-id=\"3610\" class=\"elementor elementor-3610\" data-elementor-post-type=\"page\">\n\t\t\t\t<div data-particle_enable=\"false\" data-particle-mobile-disabled=\"false\" class=\"elementor-element elementor-element-e80d4ca e-flex e-con-boxed e-con e-parent\" data-id=\"e80d4ca\" data-element_type=\"container\" data-e-type=\"container\">\n\t\t\t\t\t<div class=\"e-con-inner\">\n\t\t\t\t<div class=\"elementor-element elementor-element-3dacd39 elementor-widget elementor-widget-text-editor\" data-id=\"3dacd39\" data-element_type=\"widget\" data-e-type=\"widget\" data-widget_type=\"text-editor.default\">\n\t\t\t\t<div class=\"elementor-widget-container\">\n\t\t\t\t\t\t\t\t\t<p style=\"text-align: center;\"><strong>N\u00e4chste Messe: Stenmessen Fyn- Vissenbjerghallerne 5 - 6 September<\/strong><\/p>\t\t\t\t\t\t\t\t<\/div>\n\t\t\t\t<\/div>\n\t\t\t\t\t<\/div>\n\t\t\t\t<\/div>\n\t\t<div data-particle_enable=\"false\" data-particle-mobile-disabled=\"false\" class=\"elementor-element elementor-element-01b35e5 e-flex e-con-boxed e-con e-parent\" data-id=\"01b35e5\" data-element_type=\"container\" data-e-type=\"container\">\n\t\t\t\t\t<div class=\"e-con-inner\">\n\t\t\t\t<div class=\"elementor-element elementor-element-7b94ce8 elementor-hidden-tablet elementor-hidden-mobile elementor--h-position-center elementor--v-position-middle elementor-arrows-position-inside elementor-widget elementor-widget-slides\" data-id=\"7b94ce8\" data-element_type=\"widget\" data-e-type=\"widget\" data-settings=\"{&quot;navigation&quot;:&quot;arrows&quot;,&quot;autoplay&quot;:&quot;yes&quot;,&quot;pause_on_hover&quot;:&quot;yes&quot;,&quot;pause_on_interaction&quot;:&quot;yes&quot;,&quot;autoplay_speed&quot;:5000,&quot;infinite&quot;:&quot;yes&quot;,&quot;transition&quot;:&quot;slide&quot;,&quot;transition_speed&quot;:500}\" data-widget_type=\"slides.default\">\n\t\t\t\t<div class=\"elementor-widget-container\">\n\t\t\t\t\t\t\t\t\t<div class=\"elementor-swiper\">\n\t\t\t\t\t<div class=\"elementor-slides-wrapper elementor-main-swiper swiper\" role=\"region\" aria-roledescription=\"carousel\" aria-label=\"Folien\" dir=\"ltr\" data-animation=\"fadeInUp\">\n\t\t\t\t<div class=\"swiper-wrapper elementor-slides\">\n\t\t\t\t\t\t\t\t\t\t<div class=\"elementor-repeater-item-41a2576 swiper-slide\" role=\"group\" aria-roledescription=\"slide\"><div class=\"swiper-slide-bg elementor-ken-burns elementor-ken-burns--in\" role=\"img\" aria-label=\"Mineralien\"><\/div><div class=\"swiper-slide-inner\" ><div class=\"swiper-slide-contents\"><div class=\"elementor-slide-heading\">Besuchen Sie die gr\u00f6\u00dfte Kristallveranstaltung der nordischen Region STENMESSEN COPENHAGEN vom 12. bis 13. September 2026 in R\u00f8dovrehallen. <br><br>Offen f\u00fcr Anmeldungen von Ausstellern.<\/div><\/div><\/div><\/div><div class=\"elementor-repeater-item-37e2f25 swiper-slide\" role=\"group\" aria-roledescription=\"slide\"><div class=\"swiper-slide-bg\" role=\"img\" aria-label=\"Schmuck und Materialien(3)\"><\/div><a class=\"swiper-slide-inner\" href=\"https:\/\/stenmessen.dk\/de\/produkt-kategorie\/kob-billetter\/\"><div class=\"swiper-slide-contents\"><div class=\"elementor-slide-heading\">Riesige Auswahl an Schmuckmaterialien <\/div><div class=\"elementor-slide-description\">Ob Sie nun die Steinmesse auf F\u00fcnen oder in Kopenhagen besuchen, Sie k\u00f6nnen sicher sein, dass Sie eine Messe mit einer riesigen Auswahl an Schmuckmaterialien in allen Preisklassen vorfinden. Die gr\u00f6\u00dfte Auswahl in der nordischen Region, in der Tat!<\/div><div  class=\"elementor-button elementor-slide-button elementor-size-sm\">Tickets finden<\/div><\/div><\/a><\/div><div class=\"elementor-repeater-item-cb3e344 swiper-slide\" role=\"group\" aria-roledescription=\"slide\"><div class=\"swiper-slide-bg\" role=\"img\" aria-label=\"Fossilien\"><\/div><a class=\"swiper-slide-inner\" href=\"https:\/\/stenmessen.dk\/de\/produkt-kategorie\/kob-billetter\/\"><div class=\"swiper-slide-contents\"><div class=\"elementor-slide-heading\">Fossilien<\/div><div class=\"elementor-slide-description\">Sind die gro\u00dfen Funde am Strand zu weit auseinander? Auf der Steinmesse gibt es Aussteller mit spannenden Fossilien.\nVon Megalodon-Z\u00e4hnen \u00fcber Ammoniten bis hin zu vielen Arten von versteinertem Holz ist alles zu finden. Es gibt also reichlich Gelegenheit, etwas zu finden, das Sie Ihrer Sammlung hinzuf\u00fcgen k\u00f6nnen.<\/div><div  class=\"elementor-button elementor-slide-button elementor-size-sm\">Tickets finden<\/div><\/div><\/a><\/div>\t\t\t\t<\/div>\n\t\t\t\t\t\t\t\t\t\t\t\t\t\t\t<div class=\"elementor-swiper-button elementor-swiper-button-prev\" role=\"button\" tabindex=\"0\" aria-label=\"Vorheriges Dia\">\n\t\t\t\t\t\t\t<i aria-hidden=\"true\" class=\"eicon-chevron-left\"><\/i>\t\t\t\t\t\t<\/div>\n\t\t\t\t\t\t<div class=\"elementor-swiper-button elementor-swiper-button-next\" role=\"button\" tabindex=\"0\" aria-label=\"N\u00e4chste Folie\">\n\t\t\t\t\t\t\t<i aria-hidden=\"true\" class=\"eicon-chevron-right\"><\/i>\t\t\t\t\t\t<\/div>\n\t\t\t\t\t\t\t\t\t\t\t\t\t\t\t\t\t<\/div>\n\t\t\t\t<\/div>\n\t\t\t\t\t\t\t\t<\/div>\n\t\t\t\t<\/div>\n\t\t\t\t\t<\/div>\n\t\t\t\t<\/div>\n\t\t<div data-particle_enable=\"false\" data-particle-mobile-disabled=\"false\" class=\"elementor-element elementor-element-09a1c3c e-con-full e-flex e-con e-parent\" data-id=\"09a1c3c\" data-element_type=\"container\" data-e-type=\"container\">\n\t\t<div data-particle_enable=\"false\" data-particle-mobile-disabled=\"false\" class=\"elementor-element elementor-element-7cdb664 e-con-full e-flex e-con e-child\" data-id=\"7cdb664\" data-element_type=\"container\" data-e-type=\"container\">\n\t\t\t\t<div class=\"elementor-element elementor-element-896630a elementor-flip-box--effect-fade elementor-widget elementor-widget-flip-box\" data-id=\"896630a\" data-element_type=\"widget\" data-e-type=\"widget\" data-widget_type=\"flip-box.default\">\n\t\t\t\t<div class=\"elementor-widget-container\">\n\t\t\t\t\t\t\t<div class=\"elementor-flip-box\" tabindex=\"0\">\n\t\t\t<div class=\"elementor-flip-box__layer elementor-flip-box__front\">\n\t\t\t\t<div class=\"elementor-flip-box__layer__overlay\">\n\t\t\t\t\t<div class=\"elementor-flip-box__layer__inner\">\n\t\t\t\t\t\t\n\t\t\t\t\t\t\t\t\t\t\t\t\t<h3 class=\"elementor-flip-box__layer__title\">\n\t\t\t\t\t\t\t\tB\u00f6rse F\u00fcnen\t\t\t\t\t\t\t<\/h3>\n\t\t\t\t\t\t\n\t\t\t\t\t\t\t\t\t\t\t\t\t<div class=\"elementor-flip-box__layer__description\">\n\t\t\t\t\t\t\t\tVissenbjerghallen 5 - 6 September<br>\nSamstag 10-18 &amp; Sonntag 10-17<br><br>\nD\u00e4nemarks \u00e4lteste und freundlichste Stein- und Schmuckmesse mit der besten Auswahl westlich des Gro\u00dfen Belts.\t\t\t\t\t\t\t<\/div>\n\t\t\t\t\t\t\t\t\t\t\t<\/div>\n\t\t\t\t<\/div>\n\t\t\t<\/div>\n\t\t\t<div class=\"elementor-flip-box__layer elementor-flip-box__back\">\n\t\t\t<div class=\"elementor-flip-box__layer__overlay\">\n\t\t\t\t<div class=\"elementor-flip-box__layer__inner\">\n\t\t\t\t\t\t\t\t\t\t\t<h3 class=\"elementor-flip-box__layer__title\">\n\t\t\t\t\t\t\tB\u00f6rse F\u00fcnen\t\t\t\t\t\t<\/h3>\n\t\t\t\t\t\n\t\t\t\t\t\t\t\t\t\t\t<div class=\"elementor-flip-box__layer__description\">\n\t\t\t\t\t\t\tMehr Infos zur Messe unter dem Men\u00fcpunkt oben auf der Seite. Kartenverkauf unter dem Link hier.\t\t\t\t\t\t<\/div>\n\t\t\t\t\t\n\t\t\t\t\t\t\t\t\t\t\t<a class=\"elementor-flip-box__button elementor-button elementor-size-sm\" href=\"https:\/\/stenmessen.dk\/de\/produkt\/billetter-til-stenmessen-fyn\/\">\n\t\t\t\t\t\t\tTickets kaufen\t\t\t\t\t\t<\/a>\n\t\t\t\t\t\t\t\t<\/div>\n\t\t<\/div>\n\t\t<\/div>\n\t\t<\/div>\n\t\t\t\t\t\t<\/div>\n\t\t\t\t<\/div>\n\t\t\t\t<\/div>\n\t\t<div data-particle_enable=\"false\" data-particle-mobile-disabled=\"false\" class=\"elementor-element elementor-element-d3d8d04 e-con-full e-flex e-con e-child\" data-id=\"d3d8d04\" data-element_type=\"container\" data-e-type=\"container\">\n\t\t\t\t<div class=\"elementor-element elementor-element-d361b52 elementor-flip-box--effect-fade elementor-widget elementor-widget-flip-box\" data-id=\"d361b52\" data-element_type=\"widget\" data-e-type=\"widget\" data-widget_type=\"flip-box.default\">\n\t\t\t\t<div class=\"elementor-widget-container\">\n\t\t\t\t\t\t\t<div class=\"elementor-flip-box\" tabindex=\"0\">\n\t\t\t<div class=\"elementor-flip-box__layer elementor-flip-box__front\">\n\t\t\t\t<div class=\"elementor-flip-box__layer__overlay\">\n\t\t\t\t\t<div class=\"elementor-flip-box__layer__inner\">\n\t\t\t\t\t\t\n\t\t\t\t\t\t\t\t\t\t\t\t\t<h3 class=\"elementor-flip-box__layer__title\">\n\t\t\t\t\t\t\t\tMineralien B\u00f6rse Kopenhagen\t\t\t\t\t\t\t<\/h3>\n\t\t\t\t\t\t\n\t\t\t\t\t\t\t\t\t\t\t\t\t<div class=\"elementor-flip-box__layer__description\">\n\t\t\t\t\t\t\t\tR\u00f8dovrehallen <br>\n12-13 September<br>\nSamstag 10 Uhr - 18 Uhr<br>&amp; Sonntag 10 Uhr - 17 Uhr<br><br>\n\nDie gr\u00f6\u00dfte Stein- und Schmuckmesse in Skandinavien!\t\t\t\t\t\t\t<\/div>\n\t\t\t\t\t\t\t\t\t\t\t<\/div>\n\t\t\t\t<\/div>\n\t\t\t<\/div>\n\t\t\t<div class=\"elementor-flip-box__layer elementor-flip-box__back\">\n\t\t\t<div class=\"elementor-flip-box__layer__overlay\">\n\t\t\t\t<div class=\"elementor-flip-box__layer__inner\">\n\t\t\t\t\t\t\t\t\t\t\t<h3 class=\"elementor-flip-box__layer__title\">\n\t\t\t\t\t\t\tMineralien B\u00f6rse Kopenhagen\t\t\t\t\t\t<\/h3>\n\t\t\t\t\t\n\t\t\t\t\t\t\t\t\t\t\t<div class=\"elementor-flip-box__layer__description\">\n\t\t\t\t\t\t\tMehr Infos zur Messe unter dem Men\u00fcpunkt oben auf der Seite. Kartenverkauf unter dem Link hier.\t\t\t\t\t\t<\/div>\n\t\t\t\t\t\n\t\t\t\t\t\t\t\t\t\t\t<a class=\"elementor-flip-box__button elementor-button elementor-size-sm\" href=\"https:\/\/stenmessen.dk\/de\/produkt\/billetter-til-stenmessen-koebenhavn\/\">\n\t\t\t\t\t\t\tTickets kaufen\t\t\t\t\t\t<\/a>\n\t\t\t\t\t\t\t\t<\/div>\n\t\t<\/div>\n\t\t<\/div>\n\t\t<\/div>\n\t\t\t\t\t\t<\/div>\n\t\t\t\t<\/div>\n\t\t\t\t<\/div>\n\t\t\t\t<\/div>\n\t\t\t\t<\/div>","protected":false},"excerpt":{"rendered":"<p>N\u00e6ste messe: Stenmessen Fyn- Vissenbjerghallerne 5. &#8211; 6. september Bes\u00f8g Nordens st\u00f8rste krystal event STENMESSEN K\u00d8BENHAVN 12. &#8211; 13. september 2026 i R\u00f8dovrehallen. \u00c5bent for udstiller tilmeldinger.K\u00e6mpe udvalg af smykkematerialer Om du bes\u00f8ger stenmessen Fyn eller K\u00f8benhavn kan du v\u00e6re sikker p\u00e5 en messe med et k\u00e6mpe udvalg af smykkematerialer i alle prisklasser. Nordens st\u00f8rste [&hellip;]<\/p>\n","protected":false},"author":1,"featured_media":0,"parent":0,"menu_order":0,"comment_status":"closed","ping_status":"closed","template":"elementor_header_footer","meta":{"site-sidebar-layout":"right-sidebar","site-content-layout":"plain-container","ast-site-content-layout":"default","site-content-style":"default","site-sidebar-style":"default","ast-global-header-display":"","ast-banner-title-visibility":"","ast-main-header-display":"","ast-hfb-above-header-display":"","ast-hfb-below-header-display":"","ast-hfb-mobile-header-display":"","site-post-title":"disabled","ast-breadcrumbs-content":"","ast-featured-img":"disabled","footer-sml-layout":"","ast-disable-related-posts":"","theme-transparent-header-meta":"default","adv-header-id-meta":"","stick-header-meta":"default","header-above-stick-meta":"","header-main-stick-meta":"","header-below-stick-meta":"","astra-migrate-meta-layouts":"default","ast-page-background-enabled":"default","ast-page-background-meta":{"desktop":{"background-color":"","background-image":"","background-repeat":"repeat","background-position":"center center","background-size":"auto","background-attachment":"scroll","background-type":"","background-media":"","overlay-type":"","overlay-color":"","overlay-opacity":"","overlay-gradient":""},"tablet":{"background-color":"","background-image":"","background-repeat":"repeat","background-position":"center center","background-size":"auto","background-attachment":"scroll","background-type":"","background-media":"","overlay-type":"","overlay-color":"","overlay-opacity":"","overlay-gradient":""},"mobile":{"background-color":"","background-image":"","background-repeat":"repeat","background-position":"center center","background-size":"auto","background-attachment":"scroll","background-type":"","background-media":"","overlay-type":"","overlay-color":"","overlay-opacity":"","overlay-gradient":""}},"ast-content-background-meta":{"desktop":{"background-color":"var(--ast-global-color-5)","background-image":"","background-repeat":"repeat","background-position":"center center","background-size":"auto","background-attachment":"scroll","background-type":"","background-media":"","overlay-type":"","overlay-color":"","overlay-opacity":"","overlay-gradient":""},"tablet":{"background-color":"var(--ast-global-color-5)","background-image":"","background-repeat":"repeat","background-position":"center center","background-size":"auto","background-attachment":"scroll","background-type":"","background-media":"","overlay-type":"","overlay-color":"","overlay-opacity":"","overlay-gradient":""},"mobile":{"background-color":"var(--ast-global-color-5)","background-image":"","background-repeat":"repeat","background-position":"center center","background-size":"auto","background-attachment":"scroll","background-type":"","background-media":"","overlay-type":"","overlay-color":"","overlay-opacity":"","overlay-gradient":""}},"footnotes":""},"class_list":["post-3610","page","type-page","status-publish","hentry"],"yoast_head":"<!-- This site is optimized with the Yoast SEO Premium plugin v18.2.1 (Yoast SEO v27.5) - https:\/\/yoast.com\/product\/yoast-seo-premium-wordpress\/ -->\n<title>Forside - stenmessen.dk<\/title>\n<meta name=\"description\" content=\"Velkommen til websitet for Stenmessen Fyn og Stenmessen K\u00f8benhavn - Her kan du k\u00f8be billetter til messerne, samt krystaller, saltlamper, b\u00f8ger mm.\" \/>\n<meta name=\"robots\" content=\"index, follow, max-snippet:-1, max-image-preview:large, max-video-preview:-1\" \/>\n<link rel=\"canonical\" href=\"https:\/\/stenmessen.dk\/de\" \/>\n<meta property=\"og:locale\" content=\"de_DE\" \/>\n<meta property=\"og:type\" content=\"article\" \/>\n<meta property=\"og:title\" content=\"Forside\" \/>\n<meta property=\"og:description\" content=\"Velkommen til websitet for Stenmessen Fyn og Stenmessen K\u00f8benhavn - Her kan du k\u00f8be billetter til messerne, samt krystaller, saltlamper, b\u00f8ger mm.\" \/>\n<meta property=\"og:url\" content=\"https:\/\/stenmessen.dk\/de\" \/>\n<meta property=\"og:site_name\" content=\"stenmessen.dk\" \/>\n<meta property=\"article:publisher\" content=\"http:\/\/www.facebook.com\/stenmessen\" \/>\n<meta property=\"article:modified_time\" content=\"2026-03-19T11:03:28+00:00\" \/>\n<meta name=\"twitter:card\" content=\"summary_large_image\" \/>\n<meta name=\"twitter:label1\" content=\"Gesch\u00e4tzte Lesezeit\" \/>\n\t<meta name=\"twitter:data1\" content=\"2\u00a0Minuten\" \/>\n<script type=\"application\/ld+json\" class=\"yoast-schema-graph\">{\"@context\":\"https:\\\/\\\/schema.org\",\"@graph\":[{\"@type\":\"WebPage\",\"@id\":\"https:\\\/\\\/stenmessen.dk\\\/\",\"url\":\"https:\\\/\\\/stenmessen.dk\\\/\",\"name\":\"Forside - stenmessen.dk\",\"isPartOf\":{\"@id\":\"https:\\\/\\\/stenmessen.dk\\\/sv\\\/#website\"},\"datePublished\":\"2020-09-09T04:31:26+00:00\",\"dateModified\":\"2026-03-19T11:03:28+00:00\",\"description\":\"Velkommen til websitet for Stenmessen Fyn og Stenmessen K\u00f8benhavn - Her kan du k\u00f8be billetter til messerne, samt krystaller, saltlamper, b\u00f8ger mm.\",\"breadcrumb\":{\"@id\":\"https:\\\/\\\/stenmessen.dk\\\/#breadcrumb\"},\"inLanguage\":\"de\",\"potentialAction\":[{\"@type\":\"ReadAction\",\"target\":[\"https:\\\/\\\/stenmessen.dk\\\/\"]}]},{\"@type\":\"BreadcrumbList\",\"@id\":\"https:\\\/\\\/stenmessen.dk\\\/#breadcrumb\",\"itemListElement\":[{\"@type\":\"ListItem\",\"position\":1,\"name\":\"Hjem\",\"item\":\"https:\\\/\\\/stenmessen.dk\\\/\"},{\"@type\":\"ListItem\",\"position\":2,\"name\":\"Forside\"}]},{\"@type\":\"WebSite\",\"@id\":\"https:\\\/\\\/stenmessen.dk\\\/sv\\\/#website\",\"url\":\"https:\\\/\\\/stenmessen.dk\\\/sv\\\/\",\"name\":\"stenmessen.dk\",\"description\":\"\",\"publisher\":{\"@id\":\"https:\\\/\\\/stenmessen.dk\\\/sv\\\/#organization\"},\"potentialAction\":[{\"@type\":\"SearchAction\",\"target\":{\"@type\":\"EntryPoint\",\"urlTemplate\":\"https:\\\/\\\/stenmessen.dk\\\/sv\\\/?s={search_term_string}\"},\"query-input\":{\"@type\":\"PropertyValueSpecification\",\"valueRequired\":true,\"valueName\":\"search_term_string\"}}],\"inLanguage\":\"de\"},{\"@type\":\"Organization\",\"@id\":\"https:\\\/\\\/stenmessen.dk\\\/sv\\\/#organization\",\"name\":\"Stenmessen.dk\",\"url\":\"https:\\\/\\\/stenmessen.dk\\\/sv\\\/\",\"logo\":{\"@type\":\"ImageObject\",\"inLanguage\":\"de\",\"@id\":\"https:\\\/\\\/stenmessen.dk\\\/sv\\\/#\\\/schema\\\/logo\\\/image\\\/\",\"url\":\"https:\\\/\\\/stenmessen.dk\\\/wp-content\\\/uploads\\\/2021\\\/08\\\/stenmessen.dk-logo.png\",\"contentUrl\":\"https:\\\/\\\/stenmessen.dk\\\/wp-content\\\/uploads\\\/2021\\\/08\\\/stenmessen.dk-logo.png\",\"width\":199,\"height\":51,\"caption\":\"Stenmessen.dk\"},\"image\":{\"@id\":\"https:\\\/\\\/stenmessen.dk\\\/sv\\\/#\\\/schema\\\/logo\\\/image\\\/\"},\"sameAs\":[\"http:\\\/\\\/www.facebook.com\\\/stenmessen\",\"https:\\\/\\\/instagram.com\\\/stenmessen.dk\",\"https:\\\/\\\/tiktok.com\\\/stenmessen.dk\"]}]}<\/script>\n<!-- \/ Yoast SEO Premium plugin. -->","yoast_head_json":{"title":"Startseite - stenmessen.dk","description":"Willkommen auf der Website der Stenmessen Fyn und Stenmessen Copenhagen - Hier k\u00f6nnen Sie Eintrittskarten f\u00fcr die Messen sowie Kristalle, Salzlampen, B\u00fccher usw. kaufen.","robots":{"index":"index","follow":"follow","max-snippet":"max-snippet:-1","max-image-preview":"max-image-preview:large","max-video-preview":"max-video-preview:-1"},"canonical":"https:\/\/stenmessen.dk\/de","og_locale":"de_DE","og_type":"article","og_title":"Forside","og_description":"Velkommen til websitet for Stenmessen Fyn og Stenmessen K\u00f8benhavn - Her kan du k\u00f8be billetter til messerne, samt krystaller, saltlamper, b\u00f8ger mm.","og_url":"https:\/\/stenmessen.dk\/de","og_site_name":"stenmessen.dk","article_publisher":"http:\/\/www.facebook.com\/stenmessen","article_modified_time":"2026-03-19T11:03:28+00:00","twitter_card":"summary_large_image","twitter_misc":{"Gesch\u00e4tzte Lesezeit":"2\u00a0Minuten"},"schema":{"@context":"https:\/\/schema.org","@graph":[{"@type":"WebPage","@id":"https:\/\/stenmessen.dk\/","url":"https:\/\/stenmessen.dk\/","name":"Startseite - stenmessen.dk","isPartOf":{"@id":"https:\/\/stenmessen.dk\/sv\/#website"},"datePublished":"2020-09-09T04:31:26+00:00","dateModified":"2026-03-19T11:03:28+00:00","description":"Willkommen auf der Website der Stenmessen Fyn und Stenmessen Copenhagen - Hier k\u00f6nnen Sie Eintrittskarten f\u00fcr die Messen sowie Kristalle, Salzlampen, B\u00fccher usw. kaufen.","breadcrumb":{"@id":"https:\/\/stenmessen.dk\/#breadcrumb"},"inLanguage":"de","potentialAction":[{"@type":"ReadAction","target":["https:\/\/stenmessen.dk\/"]}]},{"@type":"BreadcrumbList","@id":"https:\/\/stenmessen.dk\/#breadcrumb","itemListElement":[{"@type":"ListItem","position":1,"name":"Hjem","item":"https:\/\/stenmessen.dk\/"},{"@type":"ListItem","position":2,"name":"Forside"}]},{"@type":"WebSite","@id":"https:\/\/stenmessen.dk\/sv\/#website","url":"https:\/\/stenmessen.dk\/sv\/","name":"stonefairs.co.uk","description":"","publisher":{"@id":"https:\/\/stenmessen.dk\/sv\/#organization"},"potentialAction":[{"@type":"SearchAction","target":{"@type":"EntryPoint","urlTemplate":"https:\/\/stenmessen.dk\/sv\/?s={search_term_string}"},"query-input":{"@type":"PropertyValueSpecification","valueRequired":true,"valueName":"search_term_string"}}],"inLanguage":"de"},{"@type":"Organization","@id":"https:\/\/stenmessen.dk\/sv\/#organization","name":"Stenmessen.dk","url":"https:\/\/stenmessen.dk\/sv\/","logo":{"@type":"ImageObject","inLanguage":"de","@id":"https:\/\/stenmessen.dk\/sv\/#\/schema\/logo\/image\/","url":"https:\/\/stenmessen.dk\/wp-content\/uploads\/2021\/08\/stenmessen.dk-logo.png","contentUrl":"https:\/\/stenmessen.dk\/wp-content\/uploads\/2021\/08\/stenmessen.dk-logo.png","width":199,"height":51,"caption":"Stenmessen.dk"},"image":{"@id":"https:\/\/stenmessen.dk\/sv\/#\/schema\/logo\/image\/"},"sameAs":["http:\/\/www.facebook.com\/stenmessen","https:\/\/instagram.com\/stenmessen.dk","https:\/\/tiktok.com\/stenmessen.dk"]}]}},"jetpack_sharing_enabled":true,"_links":{"self":[{"href":"https:\/\/stenmessen.dk\/de\/wp-json\/wp\/v2\/pages\/3610","targetHints":{"allow":["GET"]}}],"collection":[{"href":"https:\/\/stenmessen.dk\/de\/wp-json\/wp\/v2\/pages"}],"about":[{"href":"https:\/\/stenmessen.dk\/de\/wp-json\/wp\/v2\/types\/page"}],"author":[{"embeddable":true,"href":"https:\/\/stenmessen.dk\/de\/wp-json\/wp\/v2\/users\/1"}],"replies":[{"embeddable":true,"href":"https:\/\/stenmessen.dk\/de\/wp-json\/wp\/v2\/comments?post=3610"}],"version-history":[{"count":18,"href":"https:\/\/stenmessen.dk\/de\/wp-json\/wp\/v2\/pages\/3610\/revisions"}],"predecessor-version":[{"id":41811,"href":"https:\/\/stenmessen.dk\/de\/wp-json\/wp\/v2\/pages\/3610\/revisions\/41811"}],"wp:attachment":[{"href":"https:\/\/stenmessen.dk\/de\/wp-json\/wp\/v2\/media?parent=3610"}],"curies":[{"name":"wp","href":"https:\/\/api.w.org\/{rel}","templated":true}]}}